{"id":5914,"date":"2018-03-12T13:50:45","date_gmt":"2018-03-12T18:50:45","guid":{"rendered":"http:\/\/norsfell.com\/?page_id=5914"},"modified":"2025-07-30T16:38:49","modified_gmt":"2025-07-30T21:38:49","slug":"tribesofmidgard","status":"publish","type":"page","link":"https:\/\/norsfell.com\/fr\/tribesofmidgard\/","title":{"rendered":"Tribes of Midgard"},"content":{"rendered":"<section class=\"l-section wpb_row height_auto width_full\"><div class=\"l-section-h i-cf\"><div class=\"g-cols vc_row via_grid cols_1 laptops-cols_inherit tablets-cols_inherit mobiles-cols_1 valign_top type_default stacking_default\"><div class=\"wpb_column vc_column_container\"><div class=\"vc_column-inner\"><div class=\"wpb_revslider_element wpb_content_element\">\n\t\t\t<!-- START tribesofmidgardslider 1 REVOLUTION SLIDER 6.7.20 --><p class=\"rs-p-wp-fix\"><\/p>\n\t\t\t<rs-module-wrap id=\"rev_slider_15_1_wrapper\" data-source=\"gallery\" style=\"visibility:hidden;padding:0;margin:0px auto;margin-top:0;margin-bottom:0;\">\n\t\t\t\t<rs-module id=\"rev_slider_15_1\" style=\"\" data-version=\"6.7.20\">\n\t\t\t\t\t<rs-slides style=\"overflow: hidden; position: absolute;\">\n\t\t\t\t\t\t<rs-slide style=\"position: absolute;\" data-key=\"rs-27\" data-title=\"Slide\" data-anim=\"adpr:false;\" data-in=\"o:0;\" data-out=\"a:false;\">\n\t\t\t\t\t\t\t<img decoding=\"async\" src=\"\/\/norsfell.com\/wp-content\/plugins\/revslider\/sr6\/assets\/assets\/dummy.png\" alt=\"\" title=\"TOM_Twitter Header 1500 x 500_Master\" width=\"1500\" height=\"500\" class=\"rev-slidebg tp-rs-img rs-lazyload\" data-lazyload=\"\/\/norsfell.com\/wp-content\/uploads\/2023\/08\/TOM_Twitter-Header-1500-x-500_Master.png\" data-no-retina>\n<!---->\t\t\t\t\t<\/rs-slide>\n\t\t\t\t\t\t<rs-slide style=\"position: absolute;\" data-key=\"rs-271\" data-title=\"Slide\" data-anim=\"adpr:false;\" data-in=\"o:0;\" data-out=\"a:false;\">\n\t\t\t\t\t\t\t<img decoding=\"async\" src=\"\/\/norsfell.com\/wp-content\/plugins\/revslider\/sr6\/assets\/assets\/dummy.png\" alt=\"\" title=\"TOM_Twitter Header 1500 x 500_Master\" width=\"1500\" height=\"500\" class=\"rev-slidebg tp-rs-img rs-lazyload\" data-lazyload=\"\/\/norsfell.com\/wp-content\/uploads\/2023\/08\/TOM_Twitter-Header-1500-x-500_Master.png\" data-no-retina>\n<!---->\t\t\t\t\t<\/rs-slide>\n\t\t\t\t\t<\/rs-slides>\n\t\t\t\t<\/rs-module>\n\t\t\t\t<script>\n\t\t\t\t\tsetREVStartSize({c: 'rev_slider_15_1',rl:[1240,1024,778,480],el:[500],gw:[1000],gh:[500],type:'standard',justify:'',layout:'fullwidth',mh:\"500\"});if (window.RS_MODULES!==undefined && window.RS_MODULES.modules!==undefined && window.RS_MODULES.modules[\"revslider151\"]!==undefined) {window.RS_MODULES.modules[\"revslider151\"].once = false;window.revapi15 = undefined;if (window.RS_MODULES.checkMinimal!==undefined) window.RS_MODULES.checkMinimal()}\n\t\t\t\t<\/script>\n\t\t\t<\/rs-module-wrap>\n\t\t\t<!-- END REVOLUTION SLIDER -->\n<\/div><\/div><\/div><\/div><\/div><\/section><section class=\"l-section wpb_row height_auto color_primary\"><div class=\"l-section-h i-cf\"><div class=\"g-cols vc_row via_grid cols_1 laptops-cols_inherit tablets-cols_inherit mobiles-cols_1 valign_top type_default stacking_default\"><div class=\"wpb_column vc_column_container\"><div class=\"vc_column-inner\"><div class=\"wpb_text_column\"><div class=\"wpb_wrapper\"><h5 style=\"text-align: center;\"><strong>VALHALLA<\/strong> PEUT <strong>ATTENDRE<\/strong>. <strong>JOUE<\/strong> COMME S'IL N'Y A PAS DE <strong>LENDEMAIN<\/strong>!<\/h5>\n<\/div><\/div><\/div><\/div><\/div><\/div><\/section><section class=\"l-section wpb_row height_auto\"><div class=\"l-section-h i-cf\"><div class=\"g-cols vc_row via_grid cols_1 laptops-cols_inherit tablets-cols_inherit mobiles-cols_1 valign_top type_default stacking_default\"><div class=\"wpb_column vc_column_container\"><div class=\"vc_column-inner\"><div class=\"w-separator size_small\"><\/div><div class=\"g-cols wpb_row via_grid cols_4 laptops-cols_inherit tablets-cols_inherit mobiles-cols_1 valign_top type_default stacking_default\" style=\"--gap:3rem;\"><div class=\"wpb_column vc_column_container\"><div class=\"vc_column-inner\"><div class=\"w-image align_none\"><div class=\"w-image-h\"><img decoding=\"async\" width=\"300\" height=\"154\" src=\"https:\/\/norsfell.com\/wp-content\/uploads\/2023\/10\/TIGA_V4-1.png\" class=\"attachment-large size-large\" alt=\"\" loading=\"lazy\" srcset=\"https:\/\/norsfell.com\/wp-content\/uploads\/2023\/10\/TIGA_V4-1.png 300w, https:\/\/norsfell.com\/wp-content\/uploads\/2023\/10\/TIGA_V4-1-18x9.png 18w\" sizes=\"(max-width: 300px) 100vw, 300px\" \/><\/div><\/div><\/div><\/div><div class=\"wpb_column vc_column_container\"><div class=\"vc_column-inner\"><div class=\"w-image align_none\"><div class=\"w-image-h\"><img decoding=\"async\" width=\"300\" height=\"154\" src=\"https:\/\/norsfell.com\/wp-content\/uploads\/2023\/10\/TIGA_BestSocial_V04.png\" class=\"attachment-large size-large\" alt=\"\" loading=\"lazy\" srcset=\"https:\/\/norsfell.com\/wp-content\/uploads\/2023\/10\/TIGA_BestSocial_V04.png 300w, https:\/\/norsfell.com\/wp-content\/uploads\/2023\/10\/TIGA_BestSocial_V04-18x9.png 18w\" sizes=\"(max-width: 300px) 100vw, 300px\" \/><\/div><\/div><\/div><\/div><div class=\"wpb_column vc_column_container\"><div class=\"vc_column-inner\"><div class=\"w-image align_none\"><div class=\"w-image-h\"><img decoding=\"async\" width=\"300\" height=\"154\" src=\"https:\/\/norsfell.com\/wp-content\/uploads\/2021\/12\/E3_2.png\" class=\"attachment-large size-large\" alt=\"\" loading=\"lazy\" srcset=\"https:\/\/norsfell.com\/wp-content\/uploads\/2021\/12\/E3_2.png 300w, https:\/\/norsfell.com\/wp-content\/uploads\/2021\/12\/E3_2-18x9.png 18w\" sizes=\"(max-width: 300px) 100vw, 300px\" \/><\/div><\/div><\/div><\/div><div class=\"wpb_column vc_column_container\"><div class=\"vc_column-inner\"><div class=\"w-image align_none\"><div class=\"w-image-h\"><img decoding=\"async\" width=\"300\" height=\"154\" src=\"https:\/\/norsfell.com\/wp-content\/uploads\/2021\/12\/BestofE3-2.png\" class=\"attachment-large size-large\" alt=\"\" loading=\"lazy\" srcset=\"https:\/\/norsfell.com\/wp-content\/uploads\/2021\/12\/BestofE3-2.png 300w, https:\/\/norsfell.com\/wp-content\/uploads\/2021\/12\/BestofE3-2-18x9.png 18w\" sizes=\"(max-width: 300px) 100vw, 300px\" \/><\/div><\/div><\/div><\/div><\/div><div class=\"w-separator size_small\"><\/div><div class=\"g-cols wpb_row via_grid cols_5 laptops-cols_inherit tablets-cols_inherit mobiles-cols_1 valign_top type_default stacking_default\" style=\"--gap:3rem;\"><div class=\"wpb_column vc_column_container\"><div class=\"vc_column-inner\"><div class=\"w-image align_center\"><div class=\"w-image-h\"><img decoding=\"async\" width=\"300\" height=\"154\" src=\"https:\/\/norsfell.com\/wp-content\/uploads\/2021\/12\/Ubi-1-300x154.png\" class=\"attachment-medium size-medium\" alt=\"\" loading=\"lazy\" srcset=\"https:\/\/norsfell.com\/wp-content\/uploads\/2021\/12\/Ubi-1.png 300w, https:\/\/norsfell.com\/wp-content\/uploads\/2021\/12\/Ubi-1-18x9.png 18w\" sizes=\"(max-width: 300px) 100vw, 300px\" \/><\/div><\/div><\/div><\/div><div class=\"wpb_column vc_column_container\"><div class=\"vc_column-inner\"><div class=\"w-image align_center\"><div class=\"w-image-h\"><img decoding=\"async\" width=\"300\" height=\"154\" src=\"https:\/\/norsfell.com\/wp-content\/uploads\/2021\/12\/gamedes-300x154.png\" class=\"attachment-medium size-medium\" alt=\"\" loading=\"lazy\" srcset=\"https:\/\/norsfell.com\/wp-content\/uploads\/2021\/12\/gamedes.png 300w, https:\/\/norsfell.com\/wp-content\/uploads\/2021\/12\/gamedes-18x9.png 18w\" sizes=\"(max-width: 300px) 100vw, 300px\" \/><\/div><\/div><\/div><\/div><div class=\"wpb_column vc_column_container\"><div class=\"vc_column-inner\"><div class=\"w-image align_center\"><div class=\"w-image-h\"><img decoding=\"async\" width=\"300\" height=\"154\" src=\"https:\/\/norsfell.com\/wp-content\/uploads\/2021\/12\/PubsFave-300x154.png\" class=\"attachment-medium size-medium\" alt=\"\" loading=\"lazy\" srcset=\"https:\/\/norsfell.com\/wp-content\/uploads\/2021\/12\/PubsFave.png 300w, https:\/\/norsfell.com\/wp-content\/uploads\/2021\/12\/PubsFave-18x9.png 18w\" sizes=\"(max-width: 300px) 100vw, 300px\" \/><\/div><\/div><\/div><\/div><div class=\"wpb_column vc_column_container\"><div class=\"vc_column-inner\"><div class=\"w-image align_center\"><div class=\"w-image-h\"><img decoding=\"async\" width=\"300\" height=\"154\" src=\"https:\/\/norsfell.com\/wp-content\/uploads\/2021\/12\/BestArt-300x154.png\" class=\"attachment-medium size-medium\" alt=\"\" loading=\"lazy\" srcset=\"https:\/\/norsfell.com\/wp-content\/uploads\/2021\/12\/BestArt.png 300w, https:\/\/norsfell.com\/wp-content\/uploads\/2021\/12\/BestArt-18x9.png 18w\" sizes=\"(max-width: 300px) 100vw, 300px\" \/><\/div><\/div><\/div><\/div><div class=\"wpb_column vc_column_container\"><div class=\"vc_column-inner\"><div class=\"w-image align_none\"><div class=\"w-image-h\"><img decoding=\"async\" width=\"300\" height=\"154\" src=\"https:\/\/norsfell.com\/wp-content\/uploads\/2021\/12\/EpicMegaGrant.png\" class=\"attachment-large size-large\" alt=\"\" loading=\"lazy\" srcset=\"https:\/\/norsfell.com\/wp-content\/uploads\/2021\/12\/EpicMegaGrant.png 300w, https:\/\/norsfell.com\/wp-content\/uploads\/2021\/12\/EpicMegaGrant-18x9.png 18w\" sizes=\"(max-width: 300px) 100vw, 300px\" \/><\/div><\/div><\/div><\/div><\/div><\/div><\/div><\/div><\/div><\/section><section class=\"l-section wpb_row height_medium\"><div class=\"l-section-h i-cf\"><div class=\"g-cols vc_row via_grid cols_1 laptops-cols_inherit tablets-cols_inherit mobiles-cols_1 valign_top type_default stacking_default\"><div class=\"wpb_column vc_column_container\"><div class=\"vc_column-inner\"><div class=\"g-cols wpb_row via_grid cols_2 laptops-cols_inherit tablets-cols_inherit mobiles-cols_1 valign_top type_default stacking_default\" style=\"--gap:3rem;\"><div class=\"wpb_column vc_column_container\"><div class=\"vc_column-inner\"><div class=\"w-video align_none ratio_16x9 has_iframe\"><div class=\"w-video-h\"><iframe title=\"Youtube video player\" src=\"\/\/www.youtube.com\/embed\/NDBtoZIxbeE?autoplay=0&controls=1&origin=https:\/\/norsfell.com\/fr&loop=0&mute=0\" allowfullscreen=\"1\" loading=\"lazy\"><\/iframe><\/div><div class=\"w-video-icon\" style=\"font-size:1.5rem;background:rgba(0,0,0,0.5);color:#fff\"><\/div><\/div><\/div><\/div><div class=\"wpb_column vc_column_container\"><div class=\"vc_column-inner\"><div class=\"w-separator size_small\"><\/div><div class=\"wpb_text_column\"><div class=\"wpb_wrapper\"><hr \/>\n<h4 style=\"text-align: center;\"><span style=\"color: #1b98e0;\"><strong>Tribes of Midgard<\/strong> est un m\u00e9lange dynamique de survie et d'action-RPG pour 1 \u00e0 10 joueurs! Fabriquez des objets l\u00e9gendaires, d\u00e9veloppez votre camp et embarquez pour un voyage \u00e9pique \u00e0 travers des royaumes g\u00e9n\u00e9r\u00e9s de mani\u00e8re proc\u00e9durale afin d'affronter des cr\u00e9atures imposantes, bien d\u00e9cid\u00e9es \u00e0 d\u00e9cha\u00eener le Ragnar\u00f6k. \n\nLe Valhalla attendra, Einherjar!\u00a0\u00a0<\/span><\/h4>\n<hr \/>\n<\/div><\/div><div class=\"w-separator size_medium\"><\/div><div class=\"w-btn-wrapper align_center\"><a class=\"w-btn us-btn-style_1 us_custom_1e0e9307\" target=\" _blank\" rel=\"nofollow\" href=\"https:\/\/www.tribesofmidgard.com\"><span class=\"w-btn-label\">\u16df SITE INTERNET \u16df<\/span><\/a><\/div><\/div><\/div><\/div><\/div><\/div><\/div><\/div><\/section><section class=\"l-section wpb_row height_auto color_primary\"><div class=\"l-section-h i-cf\"><div class=\"g-cols vc_row via_grid cols_1 laptops-cols_inherit tablets-cols_inherit mobiles-cols_1 valign_top type_default stacking_default\"><div class=\"wpb_column vc_column_container\"><div class=\"vc_column-inner\"><div class=\"wpb_text_column\"><div class=\"wpb_wrapper\"><h5 style=\"text-align: center;\"><strong>\u00c0 PROPOS DE CE JEU<\/strong><\/h5>\n<\/div><\/div><\/div><\/div><\/div><\/div><\/section><section class=\"l-section wpb_row height_medium\"><div class=\"l-section-h i-cf\"><div class=\"g-cols vc_row via_grid cols_1 laptops-cols_inherit tablets-cols_inherit mobiles-cols_1 valign_top type_default stacking_default\"><div class=\"wpb_column vc_column_container\"><div class=\"vc_column-inner\"><div class=\"wpb_text_column\"><div class=\"wpb_wrapper\"><p>La Saga du Valhalla de Tribes of Midgard est arriv\u00e9e ! La mise \u00e0 jour de la Saga du Valhalla de Tribes of Midgard est L\u00c0 ! Cette Saga repr\u00e9sente l'aboutissement de la qu\u00eate des Einherjar pour d\u00e9fier le destin et arr\u00eater le Ragnar\u00f6k. Enfourchez votre monture et voyagez \u00e0 travers Midgard (et au-del\u00e0 !) dans cette aventure \u00e9pique de survie en ARPG. Construisez, fabriquez et explorez, tout en combattant des cr\u00e9atures l\u00e9gendaires imposantes pour d\u00e9couvrir les secrets des pierres du Sanctuaire. Le Valhalla vous attend, Einherjar !<\/p>\n<\/div><\/div><div class=\"g-cols wpb_row via_grid cols_2 laptops-cols_inherit tablets-cols_inherit mobiles-cols_1 valign_top type_default stacking_default\" style=\"--gap:3rem;\"><div class=\"wpb_column vc_column_container\"><div class=\"vc_column-inner\"><div class=\"wpb_text_column\"><div class=\"wpb_wrapper\"><p><img decoding=\"async\" class=\"emoji\" src=\"https:\/\/s.w.org\/images\/core\/emoji\/11\/svg\/1f525.svg\" alt=\"\" \/>\u00a0<strong>Sauvez la situation, \u00e0 votre fa\u00e7on :<\/strong><\/p>\n<p>Parcourez des mondes g\u00e9n\u00e9r\u00e9s de mani\u00e8re proc\u00e9durale par voie terrestre et maritime pour collecter des ressources, amasser du butin, fabriquer de puissantes armes, faire progresser votre Einherjar, chasser des poulets et accomplir des centaines de d\u00e9fis pour d\u00e9bloquer de nouvelles r\u00e9compenses dans le Ragnar\u00f6k le plus color\u00e9 que vous ayez jamais vu ! Et comme un seul mode de jeu ne suffisait pas, nous en avons cr\u00e9\u00e9 deux !<\/p>\n<p><u><strong>Mode Survie<\/strong><\/u>Ce mode vous permet de mener votre aventure aux confins de Midgard, \u00e0 votre propre rythme. Explorez, fabriquez et construisez la maison viking parfaite partout o\u00f9 bon vous semble gr\u00e2ce \u00e0 votre puissante Allforge. Choisissez parmi 90 comp\u00e9tences au fur et \u00e0 mesure que vous progressez et frayez-vous un chemin dans la cha\u00eene alimentaire des J\u00f6tnar jusqu'\u00e0 ce que vous puissiez affronter les tout-puissants Anciens et d\u00e9couvrir ce qui vous attend \u00e0 la fin de votre Saga \u00e9pique.<\/p>\n<p><u><strong>Mode Saga<\/strong><\/u>Ce mode de jeu rapide et contre la montre, vous demande d'affronter les forces du Ragnar\u00f6k avant que l'hiver sans fin ne s'installe. D\u00e9bloquez et sp\u00e9cialisez-vous parmi 8 classes uniques pour d\u00e9fendre la Graine d'Yggdrasil, fortifier votre Village et repousser vos ennemis chaque nuit, aussi longtemps que vous le pouvez. Plus vos accomplissements sont grands, plus vos r\u00e9compenses seront importantes lorsque vous emprunterez le Bifr\u00f6st pour retourner au Valhalla !<\/p>\n<p><img decoding=\"async\" class=\"emoji\" src=\"https:\/\/s.w.org\/images\/core\/emoji\/11\/svg\/1f608.svg\" alt=\"\" \/>\u00a0<strong>Affrontez des menaces colossales<\/strong><\/p>\n<p>Plus ils sont grands, plus dure sera leur chute ! Et croyez-nous, ils sont vraiment immenses !<\/p>\n<p>En descendant du Valhalla, votre Einherjar ne poss\u00e8de rien d'autre qu'un pagne et l'envie de sauver le monde. Tenez bon face \u00e0 la menace toujours pr\u00e9sente des gigantesques J\u00f6tnar, et des Anciens encore plus mena\u00e7ants qui les commandent. D\u00e9cha\u00eenez de puissants Sortil\u00e8ges contenus dans vos armes, bloquez les attaques avec votre fid\u00e8le bouclier et calibrez vos esquives dans ce gameplay bourr\u00e9 d'action contre ces ennemis qui remplissent l'\u00e9cran !<\/p>\n<p><img decoding=\"async\" class=\"emoji\" src=\"https:\/\/s.w.org\/images\/core\/emoji\/11\/svg\/1f528.svg\" alt=\"\" \/>\u00a0\u00a0<strong>B\u00e2tissez votre l\u00e9gende viking :<\/strong><\/p>\n<p>Vous \u00eates ma\u00eetre de votre propre destin, Einherjar !<\/p>\n<p>Cr\u00e9ez des personnage uniques en am\u00e9liorant votre niveau et en choisissant des capacit\u00e9s r\u00e9volutionnaires issues des dieux nordiques. Chassez des ressources rares et pillez de puissantes Runes qui modifieront votre style de jeu de mani\u00e8re surprenante. Accomplissez des \u00e9v\u00e9nements, naviguez sur les oc\u00e9ans, acceptez des qu\u00eates de PNJ et pillez des donjons pour faire grandir votre l\u00e9gende ! Ou simplement p\u00eachez ! Non seulement vous \u00eates \u00e0 la hauteur du d\u00e9fi, mais c'est aussi ce pour quoi vous avez \u00e9t\u00e9 choisi.<\/p>\n<p><strong><img decoding=\"async\" class=\"emoji\" src=\"https:\/\/s.w.org\/images\/core\/emoji\/11\/svg\/2692.svg\" alt=\"\u2692\ufe0f\" \/>\u00a0Ralliez la tribu :<\/strong><\/p>\n<p>Vous n'\u00eates pas oblig\u00e9 de le faire seul, laissez un peu de gloire aux autres !<\/p>\n<p>Aventurez-vous en solo ou formez une tribu de jusqu'\u00e0 10 joueurs en coop\u00e9ration en ligne. Jouez ensemble pour b\u00e2tir un village fonctionnel, avec des d\u00e9fenses formidables, des structures imposantes et des stations d'artisanat de pointe ! Ou simplement un foyer viking esth\u00e9tiquement plaisant avec des d\u00e9corations ! La difficult\u00e9 du jeu s'adapte au nombre de joueurs dans un monde. Notez que nous recommandons d'affronter le Ragnar\u00f6k avec une tribu de quatre joueurs ou plus.<\/p>\n<p><img decoding=\"async\" class=\"emoji\" src=\"https:\/\/s.w.org\/images\/core\/emoji\/11\/svg\/1f52a.svg\" alt=\"\" \/><strong>\u00a0Poursuivez le combat :<\/strong><\/p>\n<p>Jamais la fin du monde n'aura \u00e9t\u00e9 aussi lumineuse et amusante !<\/p>\n<p>Des mises \u00e0 jour gratuites et continues ainsi que des \u00e9v\u00e9nements festifs \u00e0 dur\u00e9e limit\u00e9e apportent des tr\u00e9sors encore plus puissants \u00e0 la fin de partie. Jouez pour accumuler des Cornes d'Or et \u00e9changez-les pour d\u00e9bloquer une myriade de recettes, incluant des kits de d\u00e9marrage, des Runes et de l'\u00e9quipement, afin de rendre chaque nouvelle session plus gratifiante. Progressez dans le Passe de Saison et accomplissez des centaines de d\u00e9fis pour obtenir encore plus. Fa\u00e7onnez chaque saga \u00e0 votre guise en portant vos plus beaux costumes et en emmenant vos animaux de compagnie les plus mignons !<\/p>\n<\/div><\/div><\/div><\/div><div class=\"wpb_column vc_column_container\"><div class=\"vc_column-inner\"><div class=\"w-separator size_medium\"><\/div><div class=\"w-image align_center\"><div class=\"w-image-h\"><img decoding=\"async\" width=\"480\" height=\"270\" src=\"https:\/\/norsfell.com\/wp-content\/uploads\/2019\/07\/SELECTED-tom_beta-1_giant-fire.gif\" class=\"attachment-large size-large\" alt=\"\" loading=\"lazy\" \/><\/div><\/div><div class=\"wpb_text_column\"><div class=\"wpb_wrapper\"><div class=\"wpb_text_column vc_custom_1548189781067\">\n<div class=\"wpb_wrapper\" style=\"text-align: center;\"><strong>Globally Released on July 27th, 2021, on PC and PlayStation.<\/strong><\/div>\n<\/div>\n<p style=\"text-align: center;\" class=\" translation-block\">Inscrivez-vous \u00e0 notre  <a href=\"http:\/\/eepurl.com\/dJ2RiA\" target=\"_self\">liste de diffusion<\/a> pour recevoir des nouvelles de Tribes of Midgard!<\/p>\n<\/div><\/div><\/div><\/div><\/div><div class=\"w-separator size_large\"><\/div><div class=\"w-socials us_custom_4af52cd7 align_center color_brand shape_square style_colored hover_fade\" style=\"--gap:0.2em;\"><div class=\"w-socials-list\"><div class=\"w-socials-item discord\"><a target=\"_blank\" rel=\"nofollow\" href=\"http:\/\/discord.gg\/tribesofmidgard\" class=\"w-socials-item-link\" title=\"Discord\" aria-label=\"Discord\"><span class=\"w-socials-item-link-hover\"><\/span><i class=\"fab fa-discord\"><\/i><\/a><div class=\"w-socials-item-popup\"><span>Discord<\/span><\/div><\/div><div class=\"w-socials-item twitter\"><a target=\"_blank\" rel=\"nofollow\" href=\"https:\/\/twitter.com\/tribesofmidgard\" class=\"w-socials-item-link\" title=\"Twitter\" aria-label=\"Twitter\"><span class=\"w-socials-item-link-hover\"><\/span><i class=\"fab fa-x-twitter\"><svg style=\"width:1em; margin-bottom:-.1em;\" xmlns=\"http:\/\/www.w3.org\/2000\/svg\" viewbox=\"0 0 512 512\"><path fill=\"currentColor\" d=\"M389.2 48h70.6L305.6 224.2 487 464H345L233.7 318.6 106.5 464H35.8L200.7 275.5 26.8 48H172.4L272.9 180.9 389.2 48zM364.4 421.8h39.1L151.1 88h-42L364.4 421.8z\"\/><\/svg><\/i><\/a><div class=\"w-socials-item-popup\"><span>Twitter<\/span><\/div><\/div><div class=\"w-socials-item facebook\"><a target=\"_blank\" rel=\"nofollow\" href=\"https:\/\/facebook.com\/tribesofmidgard\" class=\"w-socials-item-link\" title=\"Facebook\" aria-label=\"Facebook\"><span class=\"w-socials-item-link-hover\"><\/span><i class=\"fab fa-facebook\"><\/i><\/a><div class=\"w-socials-item-popup\"><span>Facebook<\/span><\/div><\/div><div class=\"w-socials-item instagram\"><a target=\"_blank\" rel=\"nofollow\" href=\"https:\/\/instagram.com\/tribesofmidgard\" class=\"w-socials-item-link\" title=\"Instagram\" aria-label=\"Instagram\"><span class=\"w-socials-item-link-hover\"><\/span><i class=\"fab fa-instagram\"><\/i><\/a><div class=\"w-socials-item-popup\"><span>Instagram<\/span><\/div><\/div><div class=\"w-socials-item twitch\"><a target=\"_blank\" rel=\"nofollow\" href=\"https:\/\/www.twitch.tv\/tribesofmidgard\" class=\"w-socials-item-link\" title=\"Twitch\" aria-label=\"Twitch\"><span class=\"w-socials-item-link-hover\"><\/span><i class=\"fab fa-twitch\"><\/i><\/a><div class=\"w-socials-item-popup\"><span>Twitch<\/span><\/div><\/div><div class=\"w-socials-item custom\"><a target=\"_blank\" rel=\"nofollow\" href=\"https:\/\/tribesofmidgard.gamepedia.com\/Tribes_of_Midgard_Wiki\" class=\"w-socials-item-link\" style=\"color:#f58120\" title=\"Gamepedia\" aria-label=\"Gamepedia\"><span class=\"w-socials-item-link-hover\" style=\"background:#f58120;\"><\/span><i class=\"fas fa-book\"><\/i><\/a><div class=\"w-socials-item-popup\"><span>Gamepedia<\/span><\/div><\/div><\/div><\/div><\/div><\/div><\/div><\/div><\/section>","protected":false},"excerpt":{"rendered":"VALHALLA CAN WAIT. PLAY LIKE THERE&#8217;S NO TOMORROW! Tribes of Midgard is a vibrant blend of survival and action RPG for 1-10 players! Craft legendary items, grow your home base and embark on an epic journey through procedural realms to face towering creatures hel-bent on unleashing Ragnar\u00f6k. Valhalla can wait, Einherjar!\u00a0\u00a0 \u16df WEBSITE \u16dfGAME DESCRIPTION...","protected":false},"author":1,"featured_media":0,"parent":0,"menu_order":0,"comment_status":"closed","ping_status":"closed","template":"","meta":{"footnotes":""},"_links":{"self":[{"href":"https:\/\/norsfell.com\/fr\/wp-json\/wp\/v2\/pages\/5914"}],"collection":[{"href":"https:\/\/norsfell.com\/fr\/wp-json\/wp\/v2\/pages"}],"about":[{"href":"https:\/\/norsfell.com\/fr\/wp-json\/wp\/v2\/types\/page"}],"author":[{"embeddable":true,"href":"https:\/\/norsfell.com\/fr\/wp-json\/wp\/v2\/users\/1"}],"replies":[{"embeddable":true,"href":"https:\/\/norsfell.com\/fr\/wp-json\/wp\/v2\/comments?post=5914"}],"version-history":[{"count":135,"href":"https:\/\/norsfell.com\/fr\/wp-json\/wp\/v2\/pages\/5914\/revisions"}],"predecessor-version":[{"id":8433,"href":"https:\/\/norsfell.com\/fr\/wp-json\/wp\/v2\/pages\/5914\/revisions\/8433"}],"wp:attachment":[{"href":"https:\/\/norsfell.com\/fr\/wp-json\/wp\/v2\/media?parent=5914"}],"curies":[{"name":"wp","href":"https:\/\/api.w.org\/{rel}","templated":true}]}}