{"id":4601,"date":"2015-05-07T13:03:47","date_gmt":"2015-05-07T18:03:47","guid":{"rendered":"http:\/\/norsfell.com\/?page_id=4601"},"modified":"2018-06-05T10:06:27","modified_gmt":"2018-06-05T15:06:27","slug":"privacy-policy","status":"publish","type":"page","link":"https:\/\/norsfell.com\/fr\/privacy-policy\/","title":{"rendered":"politique de confidentialit\u00e9"},"content":{"rendered":"<p>Norsfell Games Inc. (\u00ab nous \u00bb\/\u00ab notre \u00bb) s'engage \u00e0 offrir d'excellents jeux et \u00e0 les am\u00e9liorer constamment. Cette politique de confidentialit\u00e9 (\u00ab Politique \u00bb) d\u00e9crit la mani\u00e8re dont nous recueillons, utilisons et distribuons les informations collect\u00e9es via nos jeux (ensemble les \u00ab Services \u00bb) et d'autres sources. Dans cette politique de confidentialit\u00e9, \u00ab Vous \u00bb d\u00e9signe tout utilisateur de nos Services.<\/p>\n<p>1. Consentement<\/p>\n<p><em>Nous avons besoin de Votre consentement (ou du consentement parental si Vous avez moins de 16 ans) pour traiter Vos informations personnelles<\/em><\/p>\n<p><strong>Veuillez lire attentivement cette Politique,<\/strong>\u00a0car si Vous utilisez les Services (par exemple, en t\u00e9l\u00e9chargeant et en jouant \u00e0 nos jeux), Vous consentez \u00e0 l'utilisation de Vos informations telle que d\u00e9crite dans la pr\u00e9sente Politique. Si Vous avez moins de 16 ans (ou si Vous \u00eates mineur dans Votre pays ou lieu de r\u00e9sidence), Vous devez obtenir la permission de Vos parents ou de Votre tuteur l\u00e9gal pour utiliser ou acc\u00e9der aux Services. Nous pouvons modifier cette Politique (voir plus loin : Modifications de cette Politique) et l'utilisation continue des Services signifie Votre consentement \u00e0 ces changements. Si Vous n'\u00eates pas d'accord avec quoi que ce soit dans cette Politique, n'utilisez pas (ou ne continuez pas \u00e0 utiliser) les Services.\u00a0<strong>If You do not agree to anything in this Policy, do not use (or continue to use) the Services.\u00a0<\/strong><\/p>\n<p>2. Ce que nous recueillons et comment nous recueillons les informations<\/p>\n<p><em>Nous recueillons des informations non personnelles et certaines informations personnelles. Cette section d\u00e9finit les types de donn\u00e9es. Nous avons des obligations l\u00e9gales concernant les informations personnelles, mais nous incluons des d\u00e9tails sur notre collecte et nos utilisations d'informations non personnelles pour des raisons de transparence.<\/em><\/p>\n<p><strong>\u00a0Les \u00ab Informations personnelles \u00bb<\/strong>\u00a0sont des informations qui identifient un individu, telles que Votre nom, adresse, adresse e-mail, date de naissance et sexe.\u00a0<strong>Les \u00ab Informations non personnelles \u00bb<\/strong>\u00a0sont des informations qui n'identifient pas un individu, telles que des statistiques sur les activit\u00e9s des utilisateurs dans les jeux et leurs pr\u00e9f\u00e9rences dans leur ensemble.\u00a0<em>Nous recueillons des informations via les services directement aupr\u00e8s de Vous (par exemple, si Vous nous contactez avec une question), via des partenaires tiers (par exemple, des partenaires publicitaires et de canaux) et par l'utilisation de technologies (par exemple, des t\u00e9moins de session).<\/em><\/p>\n<p><strong>Sources tierces :<\/strong>\u00a0Dans certains cas, nous int\u00e9grons des composants tiers dans nos Services, ce qui signifie que nos partenaires tiers auront une visibilit\u00e9 sur Votre identifiant unique d'appareil (pour le smartphone ou l'appareil informatique que Vous utilisez pour acc\u00e9der aux Services) et les activit\u00e9s effectu\u00e9es \u00e0 l'aide de cet appareil en relation avec les Services. Les soci\u00e9t\u00e9s d'analyse que nous utilisons peuvent combiner les Informations non personnelles que nous avons collect\u00e9es avec d'autres informations qu'elles ont collect\u00e9es ind\u00e9pendamment via d'autres services concernant Vos activit\u00e9s. L'utilisation de ces donn\u00e9es (par exemple, le signalement d'informations agr\u00e9g\u00e9es) par ces tiers n'est pas contr\u00f4l\u00e9e par nous et est soumise \u00e0 leurs propres politiques de confidentialit\u00e9 distinctes. Nous pouvons \u00e9galement recevoir des donn\u00e9es de services tiers (par exemple, si Vous avez aim\u00e9 notre page Facebook, nous pourrons voir Votre nom, mais n'aurons acc\u00e8s \u00e0 aucune autre information sauf si Vous nous la fournissez).<\/p>\n<p><strong>Publicit\u00e9s :<\/strong>\u00a0Les publicit\u00e9s apparaissant sur ou dans les Services peuvent \u00eatre diffus\u00e9es par nous ou par des annonceurs web tiers. Ces annonceurs peuvent d\u00e9finir des t\u00e9moins qui permettent au serveur publicitaire exploit\u00e9 par ce tiers de reconna\u00eetre Votre appareil chaque fois qu'il Vous envoie une publicit\u00e9. En cons\u00e9quence, les serveurs publicitaires peuvent compiler des informations sur l'endroit o\u00f9 Vous avez visualis\u00e9 leurs publicit\u00e9s, si Vous les avez visualis\u00e9es, et sur les publicit\u00e9s sur lesquelles Vous avez cliqu\u00e9. Ces soci\u00e9t\u00e9s publicitaires qui diffusent des publicit\u00e9s pour nous peuvent combiner les informations collect\u00e9es avec d'autres informations qu'elles ont collect\u00e9es ind\u00e9pendamment \u00e0 partir d'autres services ou produits. Ces soci\u00e9t\u00e9s collectent et utilisent des informations en vertu de leurs propres politiques de confidentialit\u00e9 (sur lesquelles nous n'avons aucun contr\u00f4le) et qui peuvent diff\u00e9rer de nos propres politiques de confidentialit\u00e9 \u00e9nonc\u00e9es dans ce document.\u00a0<strong>Remarque : si Vous ne souhaitez pas \u00eatre soumis aux technologies de diffusion d'annonces int\u00e9gr\u00e9es aux Services, n'utilisez pas ou n'acc\u00e9dez pas aux Services.\u00a0<\/strong><\/p>\n<p>3. Comment nous utilisons et divulguons les informations que nous recueillons<\/p>\n<p><em>Pour fournir et am\u00e9liorer nos services, nous devons parfois partager des informations avec des tiers \u2013 cette section explique plus en d\u00e9tail nos propres utilisations, divulgations et transferts d'informations.\u00a0<\/em><\/p>\n<p>Nous utilisons les Informations personnelles pour r\u00e9pondre aux demandes et pour am\u00e9liorer les Services. Nous maintiendrons la confidentialit\u00e9 de toutes les Informations personnelles que Vous nous fournissez et les utiliserons uniquement aux fins pour lesquelles nous les avons collect\u00e9es (sous r\u00e9serve des exclusions et des divulgations que nous avons \u00e9num\u00e9r\u00e9es ci-dessous). Si nous partageons des Informations personnelles avec des tiers, elles seront soumises \u00e0 des restrictions contractuelles leur interdisant de les utiliser \u00e0 d'autres fins que celles convenues avec nous.<\/p>\n<p><strong>Exceptions importantes :\u00a0<\/strong>Nous pouvons divulguer des Informations personnelles \u00e0 des tiers sans Votre consentement si nous avons des raisons de croire que la divulgation de ces informations est n\u00e9cessaire pour identifier, contacter ou intenter une action en justice contre quelqu'un. Nous pouvons \u00e9galement divulguer des Informations personnelles lorsque nous croyons de bonne foi qu'une telle divulgation est requise par et conform\u00e9ment \u00e0 la loi. Nous pouvons divulguer, transf\u00e9rer ou partager de toute autre mani\u00e8re Vos Informations personnelles, dans le cadre d'une fusion, d'une acquisition, d'un financement, d'une r\u00e9organisation ou d'une vente d'actifs. La partie recevant Vos Informations personnelles assumera les droits et obligations concernant Vos Informations personnelles tels que d\u00e9crits dans cette Politique.<\/p>\n<p>4. Autres informations sur nos pratiques en mati\u00e8re de donn\u00e9es<\/p>\n<p><strong>S\u00e9curit\u00e9:\u00a0<\/strong>Nous d\u00e9ployons des efforts commercialement raisonnables pour stocker et maintenir Vos Informations personnelles dans un environnement s\u00e9curis\u00e9. Nous avons mis en \u0153uvre des proc\u00e9dures con\u00e7ues pour limiter la diffusion de Vos Informations personnelles uniquement au personnel d\u00e9sign\u00e9 qui est raisonnablement n\u00e9cessaire pour atteindre les objectifs d\u00e9clar\u00e9s que nous Vous avons communiqu\u00e9s.<\/p>\n<p><strong>Conservation:\u00a0<\/strong>Nous conservons les Informations personnelles aussi longtemps que cela est n\u00e9cessaire \u00e0 la finalit\u00e9 identifi\u00e9e ou tel que requis par la loi, ce qui peut s'\u00e9tendre au-del\u00e0 de la fin de Votre utilisation des Services. Nous pouvons conserver certaines donn\u00e9es si n\u00e9cessaire \u00e0 des fins commerciales l\u00e9gitimes, telles que l'analyse d'Informations non personnelles agr\u00e9g\u00e9es. Toutes les Informations personnelles conserv\u00e9es resteront soumises aux termes de cette Politique.<\/p>\n<p><strong>Acc\u00e8s et exactitude:\u00a0<\/strong>Vous avez le droit d'acc\u00e9der aux Informations personnelles que nous d\u00e9tenons \u00e0 Votre sujet afin de v\u00e9rifier les Informations personnelles que nous avons collect\u00e9es \u00e0 Votre \u00e9gard et d'obtenir un compte rendu g\u00e9n\u00e9ral de nos utilisations de ces informations. D\u00e8s r\u00e9ception de Votre demande \u00e9crite, nous Vous fournirons une copie de Vos Informations personnelles.<\/p>\n<p><strong>Parties et sites externes:\u00a0<\/strong>Par le biais des Services, Vous pouvez \u00eatre introduit aupr\u00e8s de fournisseurs et de sites web tiers. Les politiques de confidentialit\u00e9 de ces tiers ne sont pas sous notre contr\u00f4le et peuvent diff\u00e9rer des n\u00f4tres. L'utilisation de toute information que Vous pourriez fournir \u00e0 un tiers sera r\u00e9gie par la politique de confidentialit\u00e9 de l'exploitant du site web que Vous visitez. Si Vous avez des doutes sur la confidentialit\u00e9 des informations que Vous fournissez sur un autre site web, nous Vous recommandons de contacter directement ce site web pour plus d'informations et de consulter sa politique de confidentialit\u00e9.<\/p>\n<p><strong>Modifications de cette Politique:\u00a0<\/strong>Nous nous r\u00e9servons le droit de modifier cette Politique de temps \u00e0 autre, par exemple, pour refl\u00e9ter les changements apport\u00e9s aux Informations personnelles que nous collectons ou aux utilisations que nous en faisons, ou pour effectuer des mises \u00e0 jour requises par la loi applicable en mati\u00e8re de confidentialit\u00e9. Si nous apportons des modifications importantes \u00e0 cette Politique, nous Vous en informerons. La date \u00e0 laquelle la derni\u00e8re mise \u00e0 jour a \u00e9t\u00e9 effectu\u00e9e sur cette Politique est indiqu\u00e9e en haut de ce document. Nous Vous recommandons de consulter cette Politique de temps \u00e0 autre pour Vous assurer que Vous \u00eates au courant des changements. L'utilisation continue des Services signifie que Vous acceptez toutes les modifications apport\u00e9es \u00e0 cette Politique.<\/p>\n<p><strong>Contactez-nous.\u00a0<\/strong>Si Vous avez des questions, des commentaires ou des suggestions concernant nos politiques d'information qui ne sont pas abord\u00e9es ici, veuillez nous contacter par e-mail \u00e0 : info@norsfell.com. <a href=\"mailto:info@norsfell.com\">info@norsfell.com<\/a>.<\/p>\n<p>&nbsp;<\/p>","protected":false},"excerpt":{"rendered":"<p>Norsfell Games Inc. (\u201cwe\u201d\/\u201dus\u201d) is committed to providing great games and working to make them better. This Privacy Policy (\u201cPolicy\u201d) describes how we collect, use and distribute information collected through our games (together the \u201cServices\u201d) and through other sources. In this Privacy Policy \u201cYou\u201d refers to any user of our Services. 1. CONSENT We need&#8230;<\/p>","protected":false},"author":1,"featured_media":0,"parent":0,"menu_order":0,"comment_status":"closed","ping_status":"open","template":"","meta":{"footnotes":""},"_links":{"self":[{"href":"https:\/\/norsfell.com\/fr\/wp-json\/wp\/v2\/pages\/4601"}],"collection":[{"href":"https:\/\/norsfell.com\/fr\/wp-json\/wp\/v2\/pages"}],"about":[{"href":"https:\/\/norsfell.com\/fr\/wp-json\/wp\/v2\/types\/page"}],"author":[{"embeddable":true,"href":"https:\/\/norsfell.com\/fr\/wp-json\/wp\/v2\/users\/1"}],"replies":[{"embeddable":true,"href":"https:\/\/norsfell.com\/fr\/wp-json\/wp\/v2\/comments?post=4601"}],"version-history":[{"count":4,"href":"https:\/\/norsfell.com\/fr\/wp-json\/wp\/v2\/pages\/4601\/revisions"}],"predecessor-version":[{"id":6467,"href":"https:\/\/norsfell.com\/fr\/wp-json\/wp\/v2\/pages\/4601\/revisions\/6467"}],"wp:attachment":[{"href":"https:\/\/norsfell.com\/fr\/wp-json\/wp\/v2\/media?parent=4601"}],"curies":[{"name":"wp","href":"https:\/\/api.w.org\/{rel}","templated":true}]}}