{"id":4090,"date":"2014-07-23T14:13:24","date_gmt":"2014-07-23T19:13:24","guid":{"rendered":"http:\/\/norsfell.com\/?page_id=4090"},"modified":"2025-05-08T16:10:58","modified_gmt":"2025-05-08T21:10:58","slug":"support","status":"publish","type":"page","link":"https:\/\/norsfell.com\/fr\/support\/","title":{"rendered":"Support"},"content":{"rendered":"<section class=\"l-section wpb_row height_medium\"><div class=\"l-section-h i-cf\"><div class=\"g-cols vc_row via_grid cols_1 laptops-cols_inherit tablets-cols_inherit mobiles-cols_1 valign_top type_default stacking_default\"><div class=\"wpb_column vc_column_container\"><div class=\"vc_column-inner\"><div class=\"g-cols wpb_row via_grid cols_1 laptops-cols_inherit tablets-cols_inherit mobiles-cols_1 valign_top type_default stacking_default\" style=\"--gap:3rem;\"><div class=\"wpb_column vc_column_container\"><div class=\"vc_column-inner\"><div class=\"wpb_text_column\"><div class=\"wpb_wrapper\"><h1 id=\"CommunicationsCodeofConduct-Online&amp;CommunityRules\" style=\"text-align: center;\">Tribes of Midgard<\/h1>\n<\/div><\/div><div class=\"wpb_text_column\"><div class=\"wpb_wrapper\"><p style=\"text-align: center;\">S'il vous plait visitez <a href=\"https:\/\/discord.com\/invite\/tribesofmidgard\" target=\"_blank\" rel=\"noopener\"><span style=\"text-decoration: underline;\">le Discord de Tribes Of Midgard<\/span><\/a> notre serveur pour recevoir de l'aide g\u00e9n\u00e9rale de notre communaut\u00e9.<\/p>\n<p style=\"text-align: center;\">Vous rencontrez toujours des probl\u00e8mes ? Soumettez un ticket \u00e0 notre \u00e9quipe de support. <a href=\"https:\/\/support.norsfell.com\/\">Portail de support\u00a0<\/a><\/p>\n<\/div><\/div><\/div><\/div><\/div><div class=\"g-cols wpb_row via_grid cols_custom laptops-cols_inherit tablets-cols_inherit mobiles-cols_1 valign_top type_default stacking_default\" style=\"--gap:3rem;\"><\/div><\/div><\/div><\/div><\/div><\/section><div class=\"wpb_column vc_column_container\"><div class=\"vc_column-inner\"><\/div><\/div><section class=\"l-section wpb_row height_auto\"><div class=\"l-section-h i-cf\"><div class=\"g-cols vc_row via_grid cols_1 laptops-cols_inherit tablets-cols_inherit mobiles-cols_1 valign_top type_default stacking_default\"><div class=\"wpb_column vc_column_container\"><div class=\"vc_column-inner\"><div class=\"wpb_text_column\"><div class=\"wpb_wrapper\"><h1 id=\"CommunicationsCodeofConduct-Online&amp;CommunityRules\" style=\"text-align: center;\">R\u00e8gles de la Communaut\u00e9<\/h1>\n<\/div><\/div><div class=\"wpb_text_column\"><div class=\"wpb_wrapper\"><p>Norsfell se consacre \u00e0 la cr\u00e9ation de jeux inclusifs et amusants pour ceux ceux qui viennent jou\u00e9s dans nos espaces. Les r\u00e8gles ci-dessous d\u00e9taillent le comportement attendu de nos joueurs et le comportement que vous pouvez attendre de notre communaut\u00e9. Veuillez noter que la liste suivante n'est pas exhaustive et peut ne pas couvrir tous les comportements offensants. Les mod\u00e9rateurs de notre entreprise et de notre communaut\u00e9 examineront les violations de ces r\u00e8gles au cas par cas et prendront des d\u00e9cisions cons\u00e9quentes et disciplinaires \u00e0 leur discr\u00e9tion. Norsfell se r\u00e9serve le droit de suspendre, de bannir ou de bloquer les comptes et utilisateurs jouant \u00e0 nos jeux pour les raisons qui incluent, mais ne se limitent pas, \u00e0 ne pas adh\u00e9rer \u00e0 ce r\u00e8glement.<\/p>\n<p><u>Norsfell ne tol\u00e8rera pas les agissements suivant:<\/u><\/p>\n<ul>\n<li>Tout commentaire ou acte discriminatoire fond\u00e9 sur la race, la religion, le sexe, l'orientation sexuelle, la nationalit\u00e9 ou l'origine ethnique d'une personne.<\/li>\n<li>Commentaires et\/ou noms de comptes blasph\u00e9matoires, obsc\u00e8nes, sexuels ou vulgaires<\/li>\n<li>Menaces, violence ou intimidation<\/li>\n<li>Agressivit\u00e9 ou harc\u00e8lement<\/li>\n<li>Trolling excessif ou spamming<\/li>\n<li>Partage de vos informations personnelles ou de celles de quelqu'un d'autre, y compris les noms r\u00e9els, les adresses, les num\u00e9ros de compte ou les mots de passe<\/li>\n<li>Discussion sur les activit\u00e9s ill\u00e9gales du monde r\u00e9el<\/li>\n<li>L'usurpation d'identit\u00e9, y compris celle des employ\u00e9s de Norsfell.<\/li>\n<\/ul>\n<p>Nous prendrons en compte toutes communications irrespectueuses publiques ou priv\u00e9es dans les commentaires, les messages et les noms d'utilisateur.<\/p>\n<p>Les joueurs et les membres de notre communaut\u00e9 sont encourag\u00e9s \u00e0 signaler tout comportement offensant et inappropri\u00e9 en ouvrant un ticket plus haut. En cas de comportement extr\u00eame (r\u00e9f\u00e9rence \u00e0 des menaces et des crimes r\u00e9els), veuillez contacter vos autorit\u00e9s locales, en plus de nous contacter via notre formulaire de ticket.<\/p>\n<\/div><\/div><div class=\"w-separator size_medium\"><\/div><div class=\"wpb_text_column\"><div class=\"wpb_wrapper\"><h6 style=\"text-align: center;\"><strong>Lisez nos <span style=\"text-decoration: underline;\"><a href=\"https:\/\/norsfell.com\/fr\/eula\/\">CLUF<\/a><\/span>,\u00a0<span style=\"text-decoration: underline;\"><a href=\"https:\/\/norsfell.com\/fr\/terms-of-service\/\">Nos conditions d'utilisation<\/a><\/span> et notre <span style=\"text-decoration: underline;\"><a href=\"https:\/\/norsfell.com\/fr\/privacy-policy\/\">politique de confidentialit\u00e9<\/a><\/span>.<\/strong><\/h6>\n<\/div><\/div><div class=\"w-separator size_large\"><\/div><\/div><\/div><\/div><\/div><\/section>","protected":false},"excerpt":{"rendered":"Tribes of Midgard Please visit the Tribes of Midgard Discord server to receive general support from our community. Still experiencing issues? Submit a ticket to our support portal here.\u00a0 Online &amp; Community Rules Norsfell is dedicated to creating games that are inclusive and fun to all those who choose to play within our spaces. The...","protected":false},"author":1,"featured_media":0,"parent":0,"menu_order":0,"comment_status":"closed","ping_status":"open","template":"","meta":{"footnotes":""},"_links":{"self":[{"href":"https:\/\/norsfell.com\/fr\/wp-json\/wp\/v2\/pages\/4090"}],"collection":[{"href":"https:\/\/norsfell.com\/fr\/wp-json\/wp\/v2\/pages"}],"about":[{"href":"https:\/\/norsfell.com\/fr\/wp-json\/wp\/v2\/types\/page"}],"author":[{"embeddable":true,"href":"https:\/\/norsfell.com\/fr\/wp-json\/wp\/v2\/users\/1"}],"replies":[{"embeddable":true,"href":"https:\/\/norsfell.com\/fr\/wp-json\/wp\/v2\/comments?post=4090"}],"version-history":[{"count":33,"href":"https:\/\/norsfell.com\/fr\/wp-json\/wp\/v2\/pages\/4090\/revisions"}],"predecessor-version":[{"id":8415,"href":"https:\/\/norsfell.com\/fr\/wp-json\/wp\/v2\/pages\/4090\/revisions\/8415"}],"wp:attachment":[{"href":"https:\/\/norsfell.com\/fr\/wp-json\/wp\/v2\/media?parent=4090"}],"curies":[{"name":"wp","href":"https:\/\/api.w.org\/{rel}","templated":true}]}}